{"id":9847,"date":"2020-01-14T06:20:50","date_gmt":"2020-01-14T03:20:50","guid":{"rendered":"https:\/\/www.deluxcotton.com\/erkek\/"},"modified":"2022-06-18T21:26:39","modified_gmt":"2022-06-18T18:26:39","slug":"erkek","status":"publish","type":"page","link":"https:\/\/www.deluxcotton.com\/tr\/erkek\/","title":{"rendered":"Erkek"},"content":{"rendered":"\t\t<div data-elementor-type=\"wp-page\" data-elementor-id=\"9847\" class=\"elementor elementor-9847 elementor-161\" data-elementor-post-type=\"page\">\n\t\t\t\t\t\t<section class=\"elementor-section elementor-top-section elementor-element elementor-element-364eaa0 elementor-section-boxed elementor-section-height-default elementor-section-height-default\" data-id=\"364eaa0\" data-element_type=\"section\" data-e-type=\"section\">\n\t\t\t\t\t\t<div class=\"elementor-container elementor-column-gap-default\">\n\t\t\t\t\t<div class=\"elementor-column elementor-col-100 elementor-top-column elementor-element elementor-element-89b1811\" data-id=\"89b1811\" data-element_type=\"column\" data-e-type=\"column\">\n\t\t\t<div class=\"elementor-widget-wrap elementor-element-populated\">\n\t\t\t\t\t\t\t<\/div>\n\t\t<\/div>\n\t\t\t\t\t<\/div>\n\t\t<\/section>\n\t\t\t\t<\/div>\n\t\t","protected":false},"excerpt":{"rendered":"","protected":false},"author":2,"featured_media":0,"parent":0,"menu_order":0,"comment_status":"closed","ping_status":"closed","template":"","meta":{"inline_featured_image":false,"footnotes":""},"class_list":["post-9847","page","type-page","status-publish","hentry"],"yoast_head":"<!-- This site is optimized with the Yoast SEO plugin v27.4 - https:\/\/yoast.com\/product\/yoast-seo-wordpress\/ -->\n<title>Erkek giyim | Delux Cotton<\/title>\n<meta name=\"description\" content=\"Model ve renkleriyle fark yaratan Pamuklu Erkek i\u00e7 giyim ve d\u0131\u015f giyim \u00fcretiminde \u015f\u0131kl\u0131\u011f\u0131n \u00f6nc\u00fcs\u00fc Delux&#039;uz.\" \/>\n<meta name=\"robots\" content=\"index, follow, max-snippet:-1, max-image-preview:large, max-video-preview:-1\" \/>\n<link rel=\"canonical\" href=\"https:\/\/www.deluxcotton.com\/tr\/erkek\/\" \/>\n<meta property=\"og:locale\" content=\"tr_TR\" \/>\n<meta property=\"og:type\" content=\"article\" \/>\n<meta property=\"og:title\" content=\"Erkek i\u00e7 giyim\" \/>\n<meta property=\"og:description\" content=\"Model ve renkleriyle fark yaratan Pamuklu Erkek i\u00e7 giyim ve d\u0131\u015f giyim \u00fcretiminde \u015f\u0131kl\u0131\u011f\u0131n \u00f6nc\u00fcs\u00fc Delux&#039;uz.\" \/>\n<meta property=\"og:url\" content=\"https:\/\/www.deluxcotton.com\/tr\/erkek\/\" \/>\n<meta property=\"og:site_name\" content=\"Delux Cotton\" \/>\n<meta property=\"article:publisher\" content=\"https:\/\/www.facebook.com\/Cotton.Delux\/\" \/>\n<meta property=\"article:modified_time\" content=\"2022-06-18T18:26:39+00:00\" \/>\n<meta property=\"og:image\" content=\"https:\/\/www.deluxcotton.com\/wp-content\/uploads\/2022\/03\/Slider-2-B.png\" \/>\n<meta name=\"twitter:card\" content=\"summary_large_image\" \/>\n<meta name=\"twitter:title\" content=\"Erkek i\u00e7 giyim\" \/>\n<meta name=\"twitter:description\" content=\"Model ve renkleriyle fark yaratan Pamuklu Erkek i\u00e7 giyim ve d\u0131\u015f giyim \u00fcretiminde \u015f\u0131kl\u0131\u011f\u0131n \u00f6nc\u00fcs\u00fc Delux&#039;uz.\" \/>\n<meta name=\"twitter:image\" content=\"https:\/\/www.deluxcotton.com\/wp-content\/uploads\/2022\/03\/Slider-2-B.png\" \/>\n<meta name=\"twitter:site\" content=\"@CottonDelux\" \/>\n<script type=\"application\/ld+json\" class=\"yoast-schema-graph\">{\"@context\":\"https:\\\/\\\/schema.org\",\"@graph\":[{\"@type\":\"WebPage\",\"@id\":\"https:\\\/\\\/www.deluxcotton.com\\\/tr\\\/erkek\\\/\",\"url\":\"https:\\\/\\\/www.deluxcotton.com\\\/tr\\\/erkek\\\/\",\"name\":\"Erkek giyim | Delux Cotton\",\"isPartOf\":{\"@id\":\"https:\\\/\\\/www.deluxcotton.com\\\/#website\"},\"datePublished\":\"2020-01-14T03:20:50+00:00\",\"dateModified\":\"2022-06-18T18:26:39+00:00\",\"description\":\"Model ve renkleriyle fark yaratan Pamuklu Erkek i\u00e7 giyim ve d\u0131\u015f giyim \u00fcretiminde \u015f\u0131kl\u0131\u011f\u0131n \u00f6nc\u00fcs\u00fc Delux'uz.\",\"breadcrumb\":{\"@id\":\"https:\\\/\\\/www.deluxcotton.com\\\/tr\\\/erkek\\\/#breadcrumb\"},\"inLanguage\":\"tr\",\"potentialAction\":[{\"@type\":\"ReadAction\",\"target\":[\"https:\\\/\\\/www.deluxcotton.com\\\/tr\\\/erkek\\\/\"]}]},{\"@type\":\"BreadcrumbList\",\"@id\":\"https:\\\/\\\/www.deluxcotton.com\\\/tr\\\/erkek\\\/#breadcrumb\",\"itemListElement\":[{\"@type\":\"ListItem\",\"position\":1,\"name\":\"Home\",\"item\":\"https:\\\/\\\/www.deluxcotton.com\\\/tr\\\/\"},{\"@type\":\"ListItem\",\"position\":2,\"name\":\"Erkek\"}]},{\"@type\":\"WebSite\",\"@id\":\"https:\\\/\\\/www.deluxcotton.com\\\/#website\",\"url\":\"https:\\\/\\\/www.deluxcotton.com\\\/\",\"name\":\"Delux Cotton\",\"description\":\"\u062f\u064a\u0644\u0648\u0643\u0633 \u0642\u0637\u0646\",\"publisher\":{\"@id\":\"https:\\\/\\\/www.deluxcotton.com\\\/#organization\"},\"potentialAction\":[{\"@type\":\"SearchAction\",\"target\":{\"@type\":\"EntryPoint\",\"urlTemplate\":\"https:\\\/\\\/www.deluxcotton.com\\\/?s={search_term_string}\"},\"query-input\":{\"@type\":\"PropertyValueSpecification\",\"valueRequired\":true,\"valueName\":\"search_term_string\"}}],\"inLanguage\":\"tr\"},{\"@type\":\"Organization\",\"@id\":\"https:\\\/\\\/www.deluxcotton.com\\\/#organization\",\"name\":\"Delux Cotton\",\"url\":\"https:\\\/\\\/www.deluxcotton.com\\\/\",\"logo\":{\"@type\":\"ImageObject\",\"inLanguage\":\"tr\",\"@id\":\"https:\\\/\\\/www.deluxcotton.com\\\/#\\\/schema\\\/logo\\\/image\\\/\",\"url\":\"https:\\\/\\\/www.deluxcotton.com\\\/wp-content\\\/uploads\\\/2022\\\/03\\\/Slider-2-B.png\",\"contentUrl\":\"https:\\\/\\\/www.deluxcotton.com\\\/wp-content\\\/uploads\\\/2022\\\/03\\\/Slider-2-B.png\",\"width\":569,\"height\":479,\"caption\":\"Delux Cotton\"},\"image\":{\"@id\":\"https:\\\/\\\/www.deluxcotton.com\\\/#\\\/schema\\\/logo\\\/image\\\/\"},\"sameAs\":[\"https:\\\/\\\/www.facebook.com\\\/Cotton.Delux\\\/\",\"https:\\\/\\\/x.com\\\/CottonDelux\",\"https:\\\/\\\/www.instagram.com\\\/cotton.delux\\\/\"]}]}<\/script>\n<!-- \/ Yoast SEO plugin. -->","yoast_head_json":{"title":"Erkek giyim | Delux Cotton","description":"Model ve renkleriyle fark yaratan Pamuklu Erkek i\u00e7 giyim ve d\u0131\u015f giyim \u00fcretiminde \u015f\u0131kl\u0131\u011f\u0131n \u00f6nc\u00fcs\u00fc Delux'uz.","robots":{"index":"index","follow":"follow","max-snippet":"max-snippet:-1","max-image-preview":"max-image-preview:large","max-video-preview":"max-video-preview:-1"},"canonical":"https:\/\/www.deluxcotton.com\/tr\/erkek\/","og_locale":"tr_TR","og_type":"article","og_title":"Erkek i\u00e7 giyim","og_description":"Model ve renkleriyle fark yaratan Pamuklu Erkek i\u00e7 giyim ve d\u0131\u015f giyim \u00fcretiminde \u015f\u0131kl\u0131\u011f\u0131n \u00f6nc\u00fcs\u00fc Delux'uz.","og_url":"https:\/\/www.deluxcotton.com\/tr\/erkek\/","og_site_name":"Delux Cotton","article_publisher":"https:\/\/www.facebook.com\/Cotton.Delux\/","article_modified_time":"2022-06-18T18:26:39+00:00","og_image":[{"url":"https:\/\/www.deluxcotton.com\/wp-content\/uploads\/2022\/03\/Slider-2-B.png","type":"","width":"","height":""}],"twitter_card":"summary_large_image","twitter_title":"Erkek i\u00e7 giyim","twitter_description":"Model ve renkleriyle fark yaratan Pamuklu Erkek i\u00e7 giyim ve d\u0131\u015f giyim \u00fcretiminde \u015f\u0131kl\u0131\u011f\u0131n \u00f6nc\u00fcs\u00fc Delux'uz.","twitter_image":"https:\/\/www.deluxcotton.com\/wp-content\/uploads\/2022\/03\/Slider-2-B.png","twitter_site":"@CottonDelux","schema":{"@context":"https:\/\/schema.org","@graph":[{"@type":"WebPage","@id":"https:\/\/www.deluxcotton.com\/tr\/erkek\/","url":"https:\/\/www.deluxcotton.com\/tr\/erkek\/","name":"Erkek giyim | Delux Cotton","isPartOf":{"@id":"https:\/\/www.deluxcotton.com\/#website"},"datePublished":"2020-01-14T03:20:50+00:00","dateModified":"2022-06-18T18:26:39+00:00","description":"Model ve renkleriyle fark yaratan Pamuklu Erkek i\u00e7 giyim ve d\u0131\u015f giyim \u00fcretiminde \u015f\u0131kl\u0131\u011f\u0131n \u00f6nc\u00fcs\u00fc Delux'uz.","breadcrumb":{"@id":"https:\/\/www.deluxcotton.com\/tr\/erkek\/#breadcrumb"},"inLanguage":"tr","potentialAction":[{"@type":"ReadAction","target":["https:\/\/www.deluxcotton.com\/tr\/erkek\/"]}]},{"@type":"BreadcrumbList","@id":"https:\/\/www.deluxcotton.com\/tr\/erkek\/#breadcrumb","itemListElement":[{"@type":"ListItem","position":1,"name":"Home","item":"https:\/\/www.deluxcotton.com\/tr\/"},{"@type":"ListItem","position":2,"name":"Erkek"}]},{"@type":"WebSite","@id":"https:\/\/www.deluxcotton.com\/#website","url":"https:\/\/www.deluxcotton.com\/","name":"Delux Cotton","description":"\u062f\u064a\u0644\u0648\u0643\u0633 \u0642\u0637\u0646","publisher":{"@id":"https:\/\/www.deluxcotton.com\/#organization"},"potentialAction":[{"@type":"SearchAction","target":{"@type":"EntryPoint","urlTemplate":"https:\/\/www.deluxcotton.com\/?s={search_term_string}"},"query-input":{"@type":"PropertyValueSpecification","valueRequired":true,"valueName":"search_term_string"}}],"inLanguage":"tr"},{"@type":"Organization","@id":"https:\/\/www.deluxcotton.com\/#organization","name":"Delux Cotton","url":"https:\/\/www.deluxcotton.com\/","logo":{"@type":"ImageObject","inLanguage":"tr","@id":"https:\/\/www.deluxcotton.com\/#\/schema\/logo\/image\/","url":"https:\/\/www.deluxcotton.com\/wp-content\/uploads\/2022\/03\/Slider-2-B.png","contentUrl":"https:\/\/www.deluxcotton.com\/wp-content\/uploads\/2022\/03\/Slider-2-B.png","width":569,"height":479,"caption":"Delux Cotton"},"image":{"@id":"https:\/\/www.deluxcotton.com\/#\/schema\/logo\/image\/"},"sameAs":["https:\/\/www.facebook.com\/Cotton.Delux\/","https:\/\/x.com\/CottonDelux","https:\/\/www.instagram.com\/cotton.delux\/"]}]}},"_links":{"self":[{"href":"https:\/\/www.deluxcotton.com\/tr\/wp-json\/wp\/v2\/pages\/9847","targetHints":{"allow":["GET"]}}],"collection":[{"href":"https:\/\/www.deluxcotton.com\/tr\/wp-json\/wp\/v2\/pages"}],"about":[{"href":"https:\/\/www.deluxcotton.com\/tr\/wp-json\/wp\/v2\/types\/page"}],"author":[{"embeddable":true,"href":"https:\/\/www.deluxcotton.com\/tr\/wp-json\/wp\/v2\/users\/2"}],"replies":[{"embeddable":true,"href":"https:\/\/www.deluxcotton.com\/tr\/wp-json\/wp\/v2\/comments?post=9847"}],"version-history":[{"count":1,"href":"https:\/\/www.deluxcotton.com\/tr\/wp-json\/wp\/v2\/pages\/9847\/revisions"}],"predecessor-version":[{"id":9848,"href":"https:\/\/www.deluxcotton.com\/tr\/wp-json\/wp\/v2\/pages\/9847\/revisions\/9848"}],"wp:attachment":[{"href":"https:\/\/www.deluxcotton.com\/tr\/wp-json\/wp\/v2\/media?parent=9847"}],"curies":[{"name":"wp","href":"https:\/\/api.w.org\/{rel}","templated":true}]}}