{"id":10593,"date":"2024-03-29T01:46:54","date_gmt":"2024-03-28T23:37:24","guid":{"rendered":"https:\/\/www.deluxcotton.com\/?post_type=product&#038;p=10593"},"modified":"2024-03-29T02:37:24","modified_gmt":"2024-03-28T23:37:24","slug":"pamuk-ic-sutyeni","status":"publish","type":"product","link":"https:\/\/www.deluxcotton.com\/tr\/urun\/pamuk-ic-sutyeni\/","title":{"rendered":"Pamuk \u0130\u00e7 S\u00fctyeni"},"content":{"rendered":"","protected":false},"excerpt":{"rendered":"<ul>\n<li>\n<h4><span style=\"color: #ff0000;\"><strong>\u00dcr\u00fcn Avantajlar\u0131 :<\/strong><\/span><\/h4>\n<ul>\n<li>\u00c7ekici \u00e7e\u015fitli renkler ve l\u00fcks \u00f6rme tarz\u0131.<\/li>\n<li>%100 y\u00fcksek kaliteli pamuktan yap\u0131lm\u0131\u015f, e\u015fsiz konfor sa\u011flar.<\/li>\n<li>Uzun tasar\u0131m m\u00fckemmel kapsama ve benzersiz \u015f\u0131kl\u0131k sunar.<\/li>\n<\/ul>\n<\/li>\n<li>\n<h4><span style=\"color: #ff0000;\"><strong>\u00c7ok Y\u00f6nl\u00fc Kullan\u0131m :<\/strong><\/span><\/h4>\n<ul>\n<li>Cilt i\u00e7in m\u00fckemmel koruma ve konfor sunar.<\/li>\n<li>Kan dola\u015f\u0131m\u0131n\u0131 ve kan ak\u0131\u015f\u0131n\u0131 destekleyerek etkili bir destek sa\u011flar.<\/li>\n<li>Kaslar ve eklemler \u00fczerindeki bask\u0131y\u0131 azaltarak bedensel rahatl\u0131\u011f\u0131 art\u0131r\u0131r.<\/li>\n<\/ul>\n<\/li>\n<li>\n<h4><span style=\"color: #ff0000;\"><strong>Bak\u0131m Talimatlar\u0131 :<\/strong><\/span><\/h4>\n<ul>\n<li>So\u011fuk suyla makinede y\u0131kay\u0131n.<\/li>\n<li>\u0130htiya\u00e7 duyuldu\u011funda klor i\u00e7ermeyen a\u011fart\u0131c\u0131 kullan\u0131n.<\/li>\n<li>Kuma\u015f yumu\u015fat\u0131c\u0131 kullanmay\u0131n.<\/li>\n<li>D\u00fc\u015f\u00fck \u0131s\u0131da kurutun.<\/li>\n<\/ul>\n<\/li>\n<li>\n<h4><span style=\"color: #ff0000;\"><strong>Nakliye ve Teslimat :<\/strong><\/span><\/h4>\n<ul>\n<li>T\u00fcm d\u00fcnya genelinde h\u0131zl\u0131 teslimat hizmeti.<\/li>\n<li>\u00c7evrimi\u00e7i g\u00fcvenli ve \u00e7e\u015fitli \u00f6deme se\u00e7enekleri.<\/li>\n<\/ul>\n<\/li>\n<li>\n<h4><span style=\"color: #ff0000;\"><strong>Kalite Garantisi :<\/strong><\/span><\/h4>\n<ul>\n<li>\u00dcr\u00fcn kalitesinde y\u00fcksek standartlar ve tam m\u00fc\u015fteri memnuniyeti garantisi.<\/li>\n<li>Memnuniyetsizlik durumunda de\u011fi\u015ftirme veya iade se\u00e7ene\u011fi.<\/li>\n<\/ul>\n<\/li>\n<\/ul>\n","protected":false},"featured_media":10561,"template":"","meta":{"inline_featured_image":false},"product_brand":[],"product_cat":[221],"product_tag":[],"class_list":{"0":"post-10593","1":"product","2":"type-product","3":"status-publish","4":"has-post-thumbnail","6":"product_cat-kadin-atlet","8":"first","9":"instock","10":"shipping-taxable","11":"product-type-simple"},"yoast_head":"<!-- This site is optimized with the Yoast SEO plugin v27.4 - https:\/\/yoast.com\/product\/yoast-seo-wordpress\/ -->\n<title>Pamuk \u0130\u00e7 S\u00fctyeni | Delux Cotton<\/title>\n<meta name=\"description\" content=\"\u00dcr\u00fcn Avantajlar\u0131 :   \u00c7ekici \u00e7e\u015fitli renkler ve l\u00fcks \u00f6rme tarz\u0131.  %100 y\u00fcksek kaliteli pamuktan yap\u0131lm\u0131\u015f, e\u015fsiz konfor sa\u011flar.  Uzun tasar\u0131m m\u00fckemmel kapsama ve benzersiz \u015f\u0131kl\u0131k sunar.     \u00c7ok Y\u00f6nl\u00fc Kullan\u0131m :   Cilt i\u00e7in m\u00fckemmel koruma ve konfor sunar.  Kan dola\u015f\u0131m\u0131n\u0131 ve kan ak\u0131\u015f\u0131n\u0131 destekleyerek etkili bir destek sa\u011flar.  Kaslar ve eklemler \u00fczerindeki bask\u0131y\u0131 azaltarak bedensel rahatl\u0131\u011f\u0131 art\u0131r\u0131r.     Bak\u0131m Talimatlar\u0131 :   So\u011fuk suyla makinede y\u0131kay\u0131n.  \u0130htiya\u00e7 duyuldu\u011funda klor i\u00e7ermeyen a\u011fart\u0131c\u0131 kullan\u0131n.  Kuma\u015f yumu\u015fat\u0131c\u0131 kullanmay\u0131n.  D\u00fc\u015f\u00fck \u0131s\u0131da kurutun.     Nakliye ve Teslimat :   T\u00fcm d\u00fcnya genelinde h\u0131zl\u0131 teslimat hizmeti.  \u00c7evrimi\u00e7i g\u00fcvenli ve \u00e7e\u015fitli \u00f6deme se\u00e7enekleri.     Kalite Garantisi :   \u00dcr\u00fcn kalitesinde y\u00fcksek standartlar ve tam m\u00fc\u015fteri memnuniyeti garantisi.  Memnuniyetsizlik durumunda de\u011fi\u015ftirme veya iade se\u00e7ene\u011fi.\" \/>\n<meta name=\"robots\" content=\"index, follow, max-snippet:-1, max-image-preview:large, max-video-preview:-1\" \/>\n<link rel=\"canonical\" href=\"https:\/\/www.deluxcotton.com\/tr\/urun\/pamuk-ic-sutyeni\/\" \/>\n<meta property=\"og:locale\" content=\"tr_TR\" \/>\n<meta property=\"og:type\" content=\"article\" \/>\n<meta property=\"og:title\" content=\"Pamuk \u0130\u00e7 S\u00fctyeni | Delux Cotton\" \/>\n<meta property=\"og:description\" content=\"\u00dcr\u00fcn Avantajlar\u0131 :   \u00c7ekici \u00e7e\u015fitli renkler ve l\u00fcks \u00f6rme tarz\u0131.  %100 y\u00fcksek kaliteli pamuktan yap\u0131lm\u0131\u015f, e\u015fsiz konfor sa\u011flar.  Uzun tasar\u0131m m\u00fckemmel kapsama ve benzersiz \u015f\u0131kl\u0131k sunar.     \u00c7ok Y\u00f6nl\u00fc Kullan\u0131m :   Cilt i\u00e7in m\u00fckemmel koruma ve konfor sunar.  Kan dola\u015f\u0131m\u0131n\u0131 ve kan ak\u0131\u015f\u0131n\u0131 destekleyerek etkili bir destek sa\u011flar.  Kaslar ve eklemler \u00fczerindeki bask\u0131y\u0131 azaltarak bedensel rahatl\u0131\u011f\u0131 art\u0131r\u0131r.     Bak\u0131m Talimatlar\u0131 :   So\u011fuk suyla makinede y\u0131kay\u0131n.  \u0130htiya\u00e7 duyuldu\u011funda klor i\u00e7ermeyen a\u011fart\u0131c\u0131 kullan\u0131n.  Kuma\u015f yumu\u015fat\u0131c\u0131 kullanmay\u0131n.  D\u00fc\u015f\u00fck \u0131s\u0131da kurutun.     Nakliye ve Teslimat :   T\u00fcm d\u00fcnya genelinde h\u0131zl\u0131 teslimat hizmeti.  \u00c7evrimi\u00e7i g\u00fcvenli ve \u00e7e\u015fitli \u00f6deme se\u00e7enekleri.     Kalite Garantisi :   \u00dcr\u00fcn kalitesinde y\u00fcksek standartlar ve tam m\u00fc\u015fteri memnuniyeti garantisi.  Memnuniyetsizlik durumunda de\u011fi\u015ftirme veya iade se\u00e7ene\u011fi.\" \/>\n<meta property=\"og:url\" content=\"https:\/\/www.deluxcotton.com\/tr\/urun\/pamuk-ic-sutyeni\/\" \/>\n<meta property=\"og:site_name\" content=\"Delux Cotton\" \/>\n<meta property=\"article:publisher\" content=\"https:\/\/www.facebook.com\/Cotton.Delux\/\" \/>\n<meta property=\"og:image\" content=\"https:\/\/www.deluxcotton.com\/wp-content\/uploads\/2024\/03\/202309-2716-4845-66a27c5c-8e20-4374-a709-100561c47931_1695818925.jpeg\" \/>\n\t<meta property=\"og:image:width\" content=\"1024\" \/>\n\t<meta property=\"og:image:height\" content=\"1532\" \/>\n\t<meta property=\"og:image:type\" content=\"image\/jpeg\" \/>\n<meta name=\"twitter:card\" content=\"summary_large_image\" \/>\n<meta name=\"twitter:site\" content=\"@CottonDelux\" \/>\n<script type=\"application\/ld+json\" class=\"yoast-schema-graph\">{\"@context\":\"https:\\\/\\\/schema.org\",\"@graph\":[{\"@type\":\"WebPage\",\"@id\":\"https:\\\/\\\/www.deluxcotton.com\\\/tr\\\/urun\\\/pamuk-ic-sutyeni\\\/\",\"url\":\"https:\\\/\\\/www.deluxcotton.com\\\/tr\\\/urun\\\/pamuk-ic-sutyeni\\\/\",\"name\":\"Pamuk \u0130\u00e7 S\u00fctyeni | Delux Cotton\",\"isPartOf\":{\"@id\":\"https:\\\/\\\/www.deluxcotton.com\\\/#website\"},\"primaryImageOfPage\":{\"@id\":\"https:\\\/\\\/www.deluxcotton.com\\\/tr\\\/urun\\\/pamuk-ic-sutyeni\\\/#primaryimage\"},\"image\":{\"@id\":\"https:\\\/\\\/www.deluxcotton.com\\\/tr\\\/urun\\\/pamuk-ic-sutyeni\\\/#primaryimage\"},\"thumbnailUrl\":\"https:\\\/\\\/www.deluxcotton.com\\\/wp-content\\\/uploads\\\/2024\\\/03\\\/202309-2716-4845-66a27c5c-8e20-4374-a709-100561c47931_1695818925.jpeg\",\"datePublished\":\"2024-03-28T23:37:24+00:00\",\"description\":\"\u00dcr\u00fcn Avantajlar\u0131 : \u00c7ekici \u00e7e\u015fitli renkler ve l\u00fcks \u00f6rme tarz\u0131. %100 y\u00fcksek kaliteli pamuktan yap\u0131lm\u0131\u015f, e\u015fsiz konfor sa\u011flar. Uzun tasar\u0131m m\u00fckemmel kapsama ve benzersiz \u015f\u0131kl\u0131k sunar. \u00c7ok Y\u00f6nl\u00fc Kullan\u0131m : Cilt i\u00e7in m\u00fckemmel koruma ve konfor sunar. Kan dola\u015f\u0131m\u0131n\u0131 ve kan ak\u0131\u015f\u0131n\u0131 destekleyerek etkili bir destek sa\u011flar. Kaslar ve eklemler \u00fczerindeki bask\u0131y\u0131 azaltarak bedensel rahatl\u0131\u011f\u0131 art\u0131r\u0131r. Bak\u0131m Talimatlar\u0131 : So\u011fuk suyla makinede y\u0131kay\u0131n. \u0130htiya\u00e7 duyuldu\u011funda klor i\u00e7ermeyen a\u011fart\u0131c\u0131 kullan\u0131n. Kuma\u015f yumu\u015fat\u0131c\u0131 kullanmay\u0131n. D\u00fc\u015f\u00fck \u0131s\u0131da kurutun. Nakliye ve Teslimat : T\u00fcm d\u00fcnya genelinde h\u0131zl\u0131 teslimat hizmeti. \u00c7evrimi\u00e7i g\u00fcvenli ve \u00e7e\u015fitli \u00f6deme se\u00e7enekleri. Kalite Garantisi : \u00dcr\u00fcn kalitesinde y\u00fcksek standartlar ve tam m\u00fc\u015fteri memnuniyeti garantisi. Memnuniyetsizlik durumunda de\u011fi\u015ftirme veya iade se\u00e7ene\u011fi.\",\"breadcrumb\":{\"@id\":\"https:\\\/\\\/www.deluxcotton.com\\\/tr\\\/urun\\\/pamuk-ic-sutyeni\\\/#breadcrumb\"},\"inLanguage\":\"tr\",\"potentialAction\":[{\"@type\":\"ReadAction\",\"target\":[\"https:\\\/\\\/www.deluxcotton.com\\\/tr\\\/urun\\\/pamuk-ic-sutyeni\\\/\"]}]},{\"@type\":\"ImageObject\",\"inLanguage\":\"tr\",\"@id\":\"https:\\\/\\\/www.deluxcotton.com\\\/tr\\\/urun\\\/pamuk-ic-sutyeni\\\/#primaryimage\",\"url\":\"https:\\\/\\\/www.deluxcotton.com\\\/wp-content\\\/uploads\\\/2024\\\/03\\\/202309-2716-4845-66a27c5c-8e20-4374-a709-100561c47931_1695818925.jpeg\",\"contentUrl\":\"https:\\\/\\\/www.deluxcotton.com\\\/wp-content\\\/uploads\\\/2024\\\/03\\\/202309-2716-4845-66a27c5c-8e20-4374-a709-100561c47931_1695818925.jpeg\",\"width\":1024,\"height\":1532},{\"@type\":\"BreadcrumbList\",\"@id\":\"https:\\\/\\\/www.deluxcotton.com\\\/tr\\\/urun\\\/pamuk-ic-sutyeni\\\/#breadcrumb\",\"itemListElement\":[{\"@type\":\"ListItem\",\"position\":1,\"name\":\"Home\",\"item\":\"https:\\\/\\\/www.deluxcotton.com\\\/tr\\\/\"},{\"@type\":\"ListItem\",\"position\":2,\"name\":\"Products\",\"item\":\"https:\\\/\\\/www.deluxcotton.com\\\/shop\\\/\"},{\"@type\":\"ListItem\",\"position\":3,\"name\":\"Pamuk \u0130\u00e7 S\u00fctyeni\"}]},{\"@type\":\"WebSite\",\"@id\":\"https:\\\/\\\/www.deluxcotton.com\\\/#website\",\"url\":\"https:\\\/\\\/www.deluxcotton.com\\\/\",\"name\":\"Delux Cotton\",\"description\":\"\u062f\u064a\u0644\u0648\u0643\u0633 \u0642\u0637\u0646\",\"publisher\":{\"@id\":\"https:\\\/\\\/www.deluxcotton.com\\\/#organization\"},\"potentialAction\":[{\"@type\":\"SearchAction\",\"target\":{\"@type\":\"EntryPoint\",\"urlTemplate\":\"https:\\\/\\\/www.deluxcotton.com\\\/?s={search_term_string}\"},\"query-input\":{\"@type\":\"PropertyValueSpecification\",\"valueRequired\":true,\"valueName\":\"search_term_string\"}}],\"inLanguage\":\"tr\"},{\"@type\":\"Organization\",\"@id\":\"https:\\\/\\\/www.deluxcotton.com\\\/#organization\",\"name\":\"Delux Cotton\",\"url\":\"https:\\\/\\\/www.deluxcotton.com\\\/\",\"logo\":{\"@type\":\"ImageObject\",\"inLanguage\":\"tr\",\"@id\":\"https:\\\/\\\/www.deluxcotton.com\\\/#\\\/schema\\\/logo\\\/image\\\/\",\"url\":\"https:\\\/\\\/www.deluxcotton.com\\\/wp-content\\\/uploads\\\/2022\\\/03\\\/Slider-2-B.png\",\"contentUrl\":\"https:\\\/\\\/www.deluxcotton.com\\\/wp-content\\\/uploads\\\/2022\\\/03\\\/Slider-2-B.png\",\"width\":569,\"height\":479,\"caption\":\"Delux Cotton\"},\"image\":{\"@id\":\"https:\\\/\\\/www.deluxcotton.com\\\/#\\\/schema\\\/logo\\\/image\\\/\"},\"sameAs\":[\"https:\\\/\\\/www.facebook.com\\\/Cotton.Delux\\\/\",\"https:\\\/\\\/x.com\\\/CottonDelux\",\"https:\\\/\\\/www.instagram.com\\\/cotton.delux\\\/\"]}]}<\/script>\n<!-- \/ Yoast SEO plugin. -->","yoast_head_json":{"title":"Pamuk \u0130\u00e7 S\u00fctyeni | Delux Cotton","description":"\u00dcr\u00fcn Avantajlar\u0131 :   \u00c7ekici \u00e7e\u015fitli renkler ve l\u00fcks \u00f6rme tarz\u0131.  %100 y\u00fcksek kaliteli pamuktan yap\u0131lm\u0131\u015f, e\u015fsiz konfor sa\u011flar.  Uzun tasar\u0131m m\u00fckemmel kapsama ve benzersiz \u015f\u0131kl\u0131k sunar.     \u00c7ok Y\u00f6nl\u00fc Kullan\u0131m :   Cilt i\u00e7in m\u00fckemmel koruma ve konfor sunar.  Kan dola\u015f\u0131m\u0131n\u0131 ve kan ak\u0131\u015f\u0131n\u0131 destekleyerek etkili bir destek sa\u011flar.  Kaslar ve eklemler \u00fczerindeki bask\u0131y\u0131 azaltarak bedensel rahatl\u0131\u011f\u0131 art\u0131r\u0131r.     Bak\u0131m Talimatlar\u0131 :   So\u011fuk suyla makinede y\u0131kay\u0131n.  \u0130htiya\u00e7 duyuldu\u011funda klor i\u00e7ermeyen a\u011fart\u0131c\u0131 kullan\u0131n.  Kuma\u015f yumu\u015fat\u0131c\u0131 kullanmay\u0131n.  D\u00fc\u015f\u00fck \u0131s\u0131da kurutun.     Nakliye ve Teslimat :   T\u00fcm d\u00fcnya genelinde h\u0131zl\u0131 teslimat hizmeti.  \u00c7evrimi\u00e7i g\u00fcvenli ve \u00e7e\u015fitli \u00f6deme se\u00e7enekleri.     Kalite Garantisi :   \u00dcr\u00fcn kalitesinde y\u00fcksek standartlar ve tam m\u00fc\u015fteri memnuniyeti garantisi.  Memnuniyetsizlik durumunda de\u011fi\u015ftirme veya iade se\u00e7ene\u011fi.","robots":{"index":"index","follow":"follow","max-snippet":"max-snippet:-1","max-image-preview":"max-image-preview:large","max-video-preview":"max-video-preview:-1"},"canonical":"https:\/\/www.deluxcotton.com\/tr\/urun\/pamuk-ic-sutyeni\/","og_locale":"tr_TR","og_type":"article","og_title":"Pamuk \u0130\u00e7 S\u00fctyeni | Delux Cotton","og_description":"\u00dcr\u00fcn Avantajlar\u0131 :   \u00c7ekici \u00e7e\u015fitli renkler ve l\u00fcks \u00f6rme tarz\u0131.  %100 y\u00fcksek kaliteli pamuktan yap\u0131lm\u0131\u015f, e\u015fsiz konfor sa\u011flar.  Uzun tasar\u0131m m\u00fckemmel kapsama ve benzersiz \u015f\u0131kl\u0131k sunar.     \u00c7ok Y\u00f6nl\u00fc Kullan\u0131m :   Cilt i\u00e7in m\u00fckemmel koruma ve konfor sunar.  Kan dola\u015f\u0131m\u0131n\u0131 ve kan ak\u0131\u015f\u0131n\u0131 destekleyerek etkili bir destek sa\u011flar.  Kaslar ve eklemler \u00fczerindeki bask\u0131y\u0131 azaltarak bedensel rahatl\u0131\u011f\u0131 art\u0131r\u0131r.     Bak\u0131m Talimatlar\u0131 :   So\u011fuk suyla makinede y\u0131kay\u0131n.  \u0130htiya\u00e7 duyuldu\u011funda klor i\u00e7ermeyen a\u011fart\u0131c\u0131 kullan\u0131n.  Kuma\u015f yumu\u015fat\u0131c\u0131 kullanmay\u0131n.  D\u00fc\u015f\u00fck \u0131s\u0131da kurutun.     Nakliye ve Teslimat :   T\u00fcm d\u00fcnya genelinde h\u0131zl\u0131 teslimat hizmeti.  \u00c7evrimi\u00e7i g\u00fcvenli ve \u00e7e\u015fitli \u00f6deme se\u00e7enekleri.     Kalite Garantisi :   \u00dcr\u00fcn kalitesinde y\u00fcksek standartlar ve tam m\u00fc\u015fteri memnuniyeti garantisi.  Memnuniyetsizlik durumunda de\u011fi\u015ftirme veya iade se\u00e7ene\u011fi.","og_url":"https:\/\/www.deluxcotton.com\/tr\/urun\/pamuk-ic-sutyeni\/","og_site_name":"Delux Cotton","article_publisher":"https:\/\/www.facebook.com\/Cotton.Delux\/","og_image":[{"width":1024,"height":1532,"url":"https:\/\/www.deluxcotton.com\/wp-content\/uploads\/2024\/03\/202309-2716-4845-66a27c5c-8e20-4374-a709-100561c47931_1695818925.jpeg","type":"image\/jpeg"}],"twitter_card":"summary_large_image","twitter_site":"@CottonDelux","schema":{"@context":"https:\/\/schema.org","@graph":[{"@type":"WebPage","@id":"https:\/\/www.deluxcotton.com\/tr\/urun\/pamuk-ic-sutyeni\/","url":"https:\/\/www.deluxcotton.com\/tr\/urun\/pamuk-ic-sutyeni\/","name":"Pamuk \u0130\u00e7 S\u00fctyeni | Delux Cotton","isPartOf":{"@id":"https:\/\/www.deluxcotton.com\/#website"},"primaryImageOfPage":{"@id":"https:\/\/www.deluxcotton.com\/tr\/urun\/pamuk-ic-sutyeni\/#primaryimage"},"image":{"@id":"https:\/\/www.deluxcotton.com\/tr\/urun\/pamuk-ic-sutyeni\/#primaryimage"},"thumbnailUrl":"https:\/\/www.deluxcotton.com\/wp-content\/uploads\/2024\/03\/202309-2716-4845-66a27c5c-8e20-4374-a709-100561c47931_1695818925.jpeg","datePublished":"2024-03-28T23:37:24+00:00","description":"\u00dcr\u00fcn Avantajlar\u0131 : \u00c7ekici \u00e7e\u015fitli renkler ve l\u00fcks \u00f6rme tarz\u0131. %100 y\u00fcksek kaliteli pamuktan yap\u0131lm\u0131\u015f, e\u015fsiz konfor sa\u011flar. Uzun tasar\u0131m m\u00fckemmel kapsama ve benzersiz \u015f\u0131kl\u0131k sunar. \u00c7ok Y\u00f6nl\u00fc Kullan\u0131m : Cilt i\u00e7in m\u00fckemmel koruma ve konfor sunar. Kan dola\u015f\u0131m\u0131n\u0131 ve kan ak\u0131\u015f\u0131n\u0131 destekleyerek etkili bir destek sa\u011flar. Kaslar ve eklemler \u00fczerindeki bask\u0131y\u0131 azaltarak bedensel rahatl\u0131\u011f\u0131 art\u0131r\u0131r. Bak\u0131m Talimatlar\u0131 : So\u011fuk suyla makinede y\u0131kay\u0131n. \u0130htiya\u00e7 duyuldu\u011funda klor i\u00e7ermeyen a\u011fart\u0131c\u0131 kullan\u0131n. Kuma\u015f yumu\u015fat\u0131c\u0131 kullanmay\u0131n. D\u00fc\u015f\u00fck \u0131s\u0131da kurutun. Nakliye ve Teslimat : T\u00fcm d\u00fcnya genelinde h\u0131zl\u0131 teslimat hizmeti. \u00c7evrimi\u00e7i g\u00fcvenli ve \u00e7e\u015fitli \u00f6deme se\u00e7enekleri. Kalite Garantisi : \u00dcr\u00fcn kalitesinde y\u00fcksek standartlar ve tam m\u00fc\u015fteri memnuniyeti garantisi. Memnuniyetsizlik durumunda de\u011fi\u015ftirme veya iade se\u00e7ene\u011fi.","breadcrumb":{"@id":"https:\/\/www.deluxcotton.com\/tr\/urun\/pamuk-ic-sutyeni\/#breadcrumb"},"inLanguage":"tr","potentialAction":[{"@type":"ReadAction","target":["https:\/\/www.deluxcotton.com\/tr\/urun\/pamuk-ic-sutyeni\/"]}]},{"@type":"ImageObject","inLanguage":"tr","@id":"https:\/\/www.deluxcotton.com\/tr\/urun\/pamuk-ic-sutyeni\/#primaryimage","url":"https:\/\/www.deluxcotton.com\/wp-content\/uploads\/2024\/03\/202309-2716-4845-66a27c5c-8e20-4374-a709-100561c47931_1695818925.jpeg","contentUrl":"https:\/\/www.deluxcotton.com\/wp-content\/uploads\/2024\/03\/202309-2716-4845-66a27c5c-8e20-4374-a709-100561c47931_1695818925.jpeg","width":1024,"height":1532},{"@type":"BreadcrumbList","@id":"https:\/\/www.deluxcotton.com\/tr\/urun\/pamuk-ic-sutyeni\/#breadcrumb","itemListElement":[{"@type":"ListItem","position":1,"name":"Home","item":"https:\/\/www.deluxcotton.com\/tr\/"},{"@type":"ListItem","position":2,"name":"Products","item":"https:\/\/www.deluxcotton.com\/shop\/"},{"@type":"ListItem","position":3,"name":"Pamuk \u0130\u00e7 S\u00fctyeni"}]},{"@type":"WebSite","@id":"https:\/\/www.deluxcotton.com\/#website","url":"https:\/\/www.deluxcotton.com\/","name":"Delux Cotton","description":"\u062f\u064a\u0644\u0648\u0643\u0633 \u0642\u0637\u0646","publisher":{"@id":"https:\/\/www.deluxcotton.com\/#organization"},"potentialAction":[{"@type":"SearchAction","target":{"@type":"EntryPoint","urlTemplate":"https:\/\/www.deluxcotton.com\/?s={search_term_string}"},"query-input":{"@type":"PropertyValueSpecification","valueRequired":true,"valueName":"search_term_string"}}],"inLanguage":"tr"},{"@type":"Organization","@id":"https:\/\/www.deluxcotton.com\/#organization","name":"Delux Cotton","url":"https:\/\/www.deluxcotton.com\/","logo":{"@type":"ImageObject","inLanguage":"tr","@id":"https:\/\/www.deluxcotton.com\/#\/schema\/logo\/image\/","url":"https:\/\/www.deluxcotton.com\/wp-content\/uploads\/2022\/03\/Slider-2-B.png","contentUrl":"https:\/\/www.deluxcotton.com\/wp-content\/uploads\/2022\/03\/Slider-2-B.png","width":569,"height":479,"caption":"Delux Cotton"},"image":{"@id":"https:\/\/www.deluxcotton.com\/#\/schema\/logo\/image\/"},"sameAs":["https:\/\/www.facebook.com\/Cotton.Delux\/","https:\/\/x.com\/CottonDelux","https:\/\/www.instagram.com\/cotton.delux\/"]}]}},"_links":{"self":[{"href":"https:\/\/www.deluxcotton.com\/tr\/wp-json\/wp\/v2\/product\/10593","targetHints":{"allow":["GET"]}}],"collection":[{"href":"https:\/\/www.deluxcotton.com\/tr\/wp-json\/wp\/v2\/product"}],"about":[{"href":"https:\/\/www.deluxcotton.com\/tr\/wp-json\/wp\/v2\/types\/product"}],"version-history":[{"count":1,"href":"https:\/\/www.deluxcotton.com\/tr\/wp-json\/wp\/v2\/product\/10593\/revisions"}],"predecessor-version":[{"id":10594,"href":"https:\/\/www.deluxcotton.com\/tr\/wp-json\/wp\/v2\/product\/10593\/revisions\/10594"}],"wp:featuredmedia":[{"embeddable":true,"href":"https:\/\/www.deluxcotton.com\/tr\/wp-json\/wp\/v2\/media\/10561"}],"wp:attachment":[{"href":"https:\/\/www.deluxcotton.com\/tr\/wp-json\/wp\/v2\/media?parent=10593"}],"wp:term":[{"taxonomy":"product_brand","embeddable":true,"href":"https:\/\/www.deluxcotton.com\/tr\/wp-json\/wp\/v2\/product_brand?post=10593"},{"taxonomy":"product_cat","embeddable":true,"href":"https:\/\/www.deluxcotton.com\/tr\/wp-json\/wp\/v2\/product_cat?post=10593"},{"taxonomy":"product_tag","embeddable":true,"href":"https:\/\/www.deluxcotton.com\/tr\/wp-json\/wp\/v2\/product_tag?post=10593"}],"curies":[{"name":"wp","href":"https:\/\/api.w.org\/{rel}","templated":true}]}}