{"id":10774,"date":"2024-04-01T02:15:16","date_gmt":"2024-03-31T23:04:13","guid":{"rendered":"https:\/\/www.deluxcotton.com\/?post_type=product&#038;p=10774"},"modified":"2024-04-01T02:04:13","modified_gmt":"2024-03-31T23:04:13","slug":"renkli-kisa-boxer","status":"publish","type":"product","link":"https:\/\/www.deluxcotton.com\/tr\/urun\/renkli-kisa-boxer\/","title":{"rendered":"Renkli K\u0131sa Boxer"},"content":{"rendered":"","protected":false},"excerpt":{"rendered":"<ul>\n<li>\n<h4><span style=\"color: #ff0000;\"><strong>\u00dcr\u00fcn Avantajlar\u0131 :<\/strong><\/span><\/h4>\n<ul>\n<li>\u00c7ekici \u00e7e\u015fitli renkler ve l\u00fcks \u00f6rme tarz\u0131.<\/li>\n<li>%100 y\u00fcksek kaliteli pamuktan yap\u0131lm\u0131\u015f, e\u015fsiz konfor sa\u011flar.<\/li>\n<li>Uzun tasar\u0131m m\u00fckemmel kapsama ve benzersiz \u015f\u0131kl\u0131k sunar.<\/li>\n<\/ul>\n<\/li>\n<li>\n<h4><span style=\"color: #ff0000;\"><strong>\u00c7ok Y\u00f6nl\u00fc Kullan\u0131m :<\/strong><\/span><\/h4>\n<ul>\n<li>Boxer, g\u00fcnl\u00fck aktiviteler s\u0131ras\u0131nda s\u00fcrt\u00fcnmeyi azalt\u0131r ve cildi korur.<\/li>\n<li>Boxer, dola\u015f\u0131m\u0131 iyile\u015ftirir ve yorgunlu\u011fu ve kas gerilimini azalt\u0131r.<\/li>\n<li>Boxer, kar\u0131n b\u00f6lgesine destek sa\u011flar ve v\u00fccut pozisyonunu iyile\u015ftirir.<\/li>\n<\/ul>\n<\/li>\n<li>\n<h4><span style=\"color: #ff0000;\"><strong>Bak\u0131m Talimatlar\u0131 :<\/strong><\/span><\/h4>\n<ul>\n<li>So\u011fuk suyla makinede y\u0131kay\u0131n.<\/li>\n<li>\u0130htiya\u00e7 duyuldu\u011funda klor i\u00e7ermeyen a\u011fart\u0131c\u0131 kullan\u0131n.<\/li>\n<li>Kuma\u015f yumu\u015fat\u0131c\u0131 kullanmay\u0131n.<\/li>\n<li>D\u00fc\u015f\u00fck \u0131s\u0131da kurutun.<\/li>\n<\/ul>\n<\/li>\n<li>\n<h4><span style=\"color: #ff0000;\"><strong>Nakliye ve Teslimat :<\/strong><\/span><\/h4>\n<ul>\n<li>T\u00fcm d\u00fcnya genelinde h\u0131zl\u0131 teslimat hizmeti.<\/li>\n<li>\u00c7evrimi\u00e7i g\u00fcvenli ve \u00e7e\u015fitli \u00f6deme se\u00e7enekleri.<\/li>\n<\/ul>\n<\/li>\n<li>\n<h4><span style=\"color: #ff0000;\"><strong>Kalite Garantisi :<\/strong><\/span><\/h4>\n<ul>\n<li>\u00dcr\u00fcn kalitesinde y\u00fcksek standartlar ve tam m\u00fc\u015fteri memnuniyeti garantisi.<\/li>\n<li>Memnuniyetsizlik durumunda de\u011fi\u015ftirme veya iade se\u00e7ene\u011fi.<\/li>\n<\/ul>\n<\/li>\n<\/ul>\n","protected":false},"featured_media":10735,"template":"","meta":{"inline_featured_image":false},"product_brand":[],"product_cat":[229],"product_tag":[],"class_list":{"0":"post-10774","1":"product","2":"type-product","3":"status-publish","4":"has-post-thumbnail","6":"product_cat-boxer-tr","8":"first","9":"instock","10":"shipping-taxable","11":"product-type-simple"},"yoast_head":"<!-- This site is optimized with the Yoast SEO plugin v27.4 - https:\/\/yoast.com\/product\/yoast-seo-wordpress\/ -->\n<title>Renkli K\u0131sa Boxer | Delux Cotton<\/title>\n<meta name=\"description\" content=\"\u00dcr\u00fcn Avantajlar\u0131 :   \u00c7ekici \u00e7e\u015fitli renkler ve l\u00fcks \u00f6rme tarz\u0131.  %100 y\u00fcksek kaliteli pamuktan yap\u0131lm\u0131\u015f, e\u015fsiz konfor sa\u011flar.  Uzun tasar\u0131m m\u00fckemmel kapsama ve benzersiz \u015f\u0131kl\u0131k sunar.     \u00c7ok Y\u00f6nl\u00fc Kullan\u0131m :   Boxer, g\u00fcnl\u00fck aktiviteler s\u0131ras\u0131nda s\u00fcrt\u00fcnmeyi azalt\u0131r ve cildi korur.  Boxer, dola\u015f\u0131m\u0131 iyile\u015ftirir ve yorgunlu\u011fu ve kas gerilimini azalt\u0131r.  Boxer, kar\u0131n b\u00f6lgesine destek sa\u011flar ve v\u00fccut pozisyonunu iyile\u015ftirir.     Bak\u0131m Talimatlar\u0131 :   So\u011fuk suyla makinede y\u0131kay\u0131n.  \u0130htiya\u00e7 duyuldu\u011funda klor i\u00e7ermeyen a\u011fart\u0131c\u0131 kullan\u0131n.  Kuma\u015f yumu\u015fat\u0131c\u0131 kullanmay\u0131n.  D\u00fc\u015f\u00fck \u0131s\u0131da kurutun.     Nakliye ve Teslimat :   T\u00fcm d\u00fcnya genelinde h\u0131zl\u0131 teslimat hizmeti.  \u00c7evrimi\u00e7i g\u00fcvenli ve \u00e7e\u015fitli \u00f6deme se\u00e7enekleri.     Kalite Garantisi :   \u00dcr\u00fcn kalitesinde y\u00fcksek standartlar ve tam m\u00fc\u015fteri memnuniyeti garantisi.  Memnuniyetsizlik durumunda de\u011fi\u015ftirme veya iade se\u00e7ene\u011fi.\" \/>\n<meta name=\"robots\" content=\"index, follow, max-snippet:-1, max-image-preview:large, max-video-preview:-1\" \/>\n<link rel=\"canonical\" href=\"https:\/\/www.deluxcotton.com\/tr\/urun\/renkli-kisa-boxer\/\" \/>\n<meta property=\"og:locale\" content=\"tr_TR\" \/>\n<meta property=\"og:type\" content=\"article\" \/>\n<meta property=\"og:title\" content=\"Renkli K\u0131sa Boxer | Delux Cotton\" \/>\n<meta property=\"og:description\" content=\"\u00dcr\u00fcn Avantajlar\u0131 :   \u00c7ekici \u00e7e\u015fitli renkler ve l\u00fcks \u00f6rme tarz\u0131.  %100 y\u00fcksek kaliteli pamuktan yap\u0131lm\u0131\u015f, e\u015fsiz konfor sa\u011flar.  Uzun tasar\u0131m m\u00fckemmel kapsama ve benzersiz \u015f\u0131kl\u0131k sunar.     \u00c7ok Y\u00f6nl\u00fc Kullan\u0131m :   Boxer, g\u00fcnl\u00fck aktiviteler s\u0131ras\u0131nda s\u00fcrt\u00fcnmeyi azalt\u0131r ve cildi korur.  Boxer, dola\u015f\u0131m\u0131 iyile\u015ftirir ve yorgunlu\u011fu ve kas gerilimini azalt\u0131r.  Boxer, kar\u0131n b\u00f6lgesine destek sa\u011flar ve v\u00fccut pozisyonunu iyile\u015ftirir.     Bak\u0131m Talimatlar\u0131 :   So\u011fuk suyla makinede y\u0131kay\u0131n.  \u0130htiya\u00e7 duyuldu\u011funda klor i\u00e7ermeyen a\u011fart\u0131c\u0131 kullan\u0131n.  Kuma\u015f yumu\u015fat\u0131c\u0131 kullanmay\u0131n.  D\u00fc\u015f\u00fck \u0131s\u0131da kurutun.     Nakliye ve Teslimat :   T\u00fcm d\u00fcnya genelinde h\u0131zl\u0131 teslimat hizmeti.  \u00c7evrimi\u00e7i g\u00fcvenli ve \u00e7e\u015fitli \u00f6deme se\u00e7enekleri.     Kalite Garantisi :   \u00dcr\u00fcn kalitesinde y\u00fcksek standartlar ve tam m\u00fc\u015fteri memnuniyeti garantisi.  Memnuniyetsizlik durumunda de\u011fi\u015ftirme veya iade se\u00e7ene\u011fi.\" \/>\n<meta property=\"og:url\" content=\"https:\/\/www.deluxcotton.com\/tr\/urun\/renkli-kisa-boxer\/\" \/>\n<meta property=\"og:site_name\" content=\"Delux Cotton\" \/>\n<meta property=\"article:publisher\" content=\"https:\/\/www.facebook.com\/Cotton.Delux\/\" \/>\n<meta property=\"og:image\" content=\"https:\/\/www.deluxcotton.com\/wp-content\/uploads\/2024\/04\/5-788x1024.png\" \/>\n\t<meta property=\"og:image:width\" content=\"788\" \/>\n\t<meta property=\"og:image:height\" content=\"1024\" \/>\n\t<meta property=\"og:image:type\" content=\"image\/png\" \/>\n<meta name=\"twitter:card\" content=\"summary_large_image\" \/>\n<meta name=\"twitter:site\" content=\"@CottonDelux\" \/>\n<script type=\"application\/ld+json\" class=\"yoast-schema-graph\">{\"@context\":\"https:\\\/\\\/schema.org\",\"@graph\":[{\"@type\":\"WebPage\",\"@id\":\"https:\\\/\\\/www.deluxcotton.com\\\/tr\\\/urun\\\/renkli-kisa-boxer\\\/\",\"url\":\"https:\\\/\\\/www.deluxcotton.com\\\/tr\\\/urun\\\/renkli-kisa-boxer\\\/\",\"name\":\"Renkli K\u0131sa Boxer | Delux Cotton\",\"isPartOf\":{\"@id\":\"https:\\\/\\\/www.deluxcotton.com\\\/#website\"},\"primaryImageOfPage\":{\"@id\":\"https:\\\/\\\/www.deluxcotton.com\\\/tr\\\/urun\\\/renkli-kisa-boxer\\\/#primaryimage\"},\"image\":{\"@id\":\"https:\\\/\\\/www.deluxcotton.com\\\/tr\\\/urun\\\/renkli-kisa-boxer\\\/#primaryimage\"},\"thumbnailUrl\":\"https:\\\/\\\/www.deluxcotton.com\\\/wp-content\\\/uploads\\\/2024\\\/04\\\/5.png\",\"datePublished\":\"2024-03-31T23:04:13+00:00\",\"description\":\"\u00dcr\u00fcn Avantajlar\u0131 : \u00c7ekici \u00e7e\u015fitli renkler ve l\u00fcks \u00f6rme tarz\u0131. %100 y\u00fcksek kaliteli pamuktan yap\u0131lm\u0131\u015f, e\u015fsiz konfor sa\u011flar. Uzun tasar\u0131m m\u00fckemmel kapsama ve benzersiz \u015f\u0131kl\u0131k sunar. \u00c7ok Y\u00f6nl\u00fc Kullan\u0131m : Boxer, g\u00fcnl\u00fck aktiviteler s\u0131ras\u0131nda s\u00fcrt\u00fcnmeyi azalt\u0131r ve cildi korur. Boxer, dola\u015f\u0131m\u0131 iyile\u015ftirir ve yorgunlu\u011fu ve kas gerilimini azalt\u0131r. Boxer, kar\u0131n b\u00f6lgesine destek sa\u011flar ve v\u00fccut pozisyonunu iyile\u015ftirir. Bak\u0131m Talimatlar\u0131 : So\u011fuk suyla makinede y\u0131kay\u0131n. \u0130htiya\u00e7 duyuldu\u011funda klor i\u00e7ermeyen a\u011fart\u0131c\u0131 kullan\u0131n. Kuma\u015f yumu\u015fat\u0131c\u0131 kullanmay\u0131n. D\u00fc\u015f\u00fck \u0131s\u0131da kurutun. Nakliye ve Teslimat : T\u00fcm d\u00fcnya genelinde h\u0131zl\u0131 teslimat hizmeti. \u00c7evrimi\u00e7i g\u00fcvenli ve \u00e7e\u015fitli \u00f6deme se\u00e7enekleri. Kalite Garantisi : \u00dcr\u00fcn kalitesinde y\u00fcksek standartlar ve tam m\u00fc\u015fteri memnuniyeti garantisi. Memnuniyetsizlik durumunda de\u011fi\u015ftirme veya iade se\u00e7ene\u011fi.\",\"breadcrumb\":{\"@id\":\"https:\\\/\\\/www.deluxcotton.com\\\/tr\\\/urun\\\/renkli-kisa-boxer\\\/#breadcrumb\"},\"inLanguage\":\"tr\",\"potentialAction\":[{\"@type\":\"ReadAction\",\"target\":[\"https:\\\/\\\/www.deluxcotton.com\\\/tr\\\/urun\\\/renkli-kisa-boxer\\\/\"]}]},{\"@type\":\"ImageObject\",\"inLanguage\":\"tr\",\"@id\":\"https:\\\/\\\/www.deluxcotton.com\\\/tr\\\/urun\\\/renkli-kisa-boxer\\\/#primaryimage\",\"url\":\"https:\\\/\\\/www.deluxcotton.com\\\/wp-content\\\/uploads\\\/2024\\\/04\\\/5.png\",\"contentUrl\":\"https:\\\/\\\/www.deluxcotton.com\\\/wp-content\\\/uploads\\\/2024\\\/04\\\/5.png\",\"width\":4688,\"height\":6094},{\"@type\":\"BreadcrumbList\",\"@id\":\"https:\\\/\\\/www.deluxcotton.com\\\/tr\\\/urun\\\/renkli-kisa-boxer\\\/#breadcrumb\",\"itemListElement\":[{\"@type\":\"ListItem\",\"position\":1,\"name\":\"Home\",\"item\":\"https:\\\/\\\/www.deluxcotton.com\\\/tr\\\/\"},{\"@type\":\"ListItem\",\"position\":2,\"name\":\"Products\",\"item\":\"https:\\\/\\\/www.deluxcotton.com\\\/shop\\\/\"},{\"@type\":\"ListItem\",\"position\":3,\"name\":\"Renkli K\u0131sa Boxer\"}]},{\"@type\":\"WebSite\",\"@id\":\"https:\\\/\\\/www.deluxcotton.com\\\/#website\",\"url\":\"https:\\\/\\\/www.deluxcotton.com\\\/\",\"name\":\"Delux Cotton\",\"description\":\"\u062f\u064a\u0644\u0648\u0643\u0633 \u0642\u0637\u0646\",\"publisher\":{\"@id\":\"https:\\\/\\\/www.deluxcotton.com\\\/#organization\"},\"potentialAction\":[{\"@type\":\"SearchAction\",\"target\":{\"@type\":\"EntryPoint\",\"urlTemplate\":\"https:\\\/\\\/www.deluxcotton.com\\\/?s={search_term_string}\"},\"query-input\":{\"@type\":\"PropertyValueSpecification\",\"valueRequired\":true,\"valueName\":\"search_term_string\"}}],\"inLanguage\":\"tr\"},{\"@type\":\"Organization\",\"@id\":\"https:\\\/\\\/www.deluxcotton.com\\\/#organization\",\"name\":\"Delux Cotton\",\"url\":\"https:\\\/\\\/www.deluxcotton.com\\\/\",\"logo\":{\"@type\":\"ImageObject\",\"inLanguage\":\"tr\",\"@id\":\"https:\\\/\\\/www.deluxcotton.com\\\/#\\\/schema\\\/logo\\\/image\\\/\",\"url\":\"https:\\\/\\\/www.deluxcotton.com\\\/wp-content\\\/uploads\\\/2022\\\/03\\\/Slider-2-B.png\",\"contentUrl\":\"https:\\\/\\\/www.deluxcotton.com\\\/wp-content\\\/uploads\\\/2022\\\/03\\\/Slider-2-B.png\",\"width\":569,\"height\":479,\"caption\":\"Delux Cotton\"},\"image\":{\"@id\":\"https:\\\/\\\/www.deluxcotton.com\\\/#\\\/schema\\\/logo\\\/image\\\/\"},\"sameAs\":[\"https:\\\/\\\/www.facebook.com\\\/Cotton.Delux\\\/\",\"https:\\\/\\\/x.com\\\/CottonDelux\",\"https:\\\/\\\/www.instagram.com\\\/cotton.delux\\\/\"]}]}<\/script>\n<!-- \/ Yoast SEO plugin. -->","yoast_head_json":{"title":"Renkli K\u0131sa Boxer | Delux Cotton","description":"\u00dcr\u00fcn Avantajlar\u0131 :   \u00c7ekici \u00e7e\u015fitli renkler ve l\u00fcks \u00f6rme tarz\u0131.  %100 y\u00fcksek kaliteli pamuktan yap\u0131lm\u0131\u015f, e\u015fsiz konfor sa\u011flar.  Uzun tasar\u0131m m\u00fckemmel kapsama ve benzersiz \u015f\u0131kl\u0131k sunar.     \u00c7ok Y\u00f6nl\u00fc Kullan\u0131m :   Boxer, g\u00fcnl\u00fck aktiviteler s\u0131ras\u0131nda s\u00fcrt\u00fcnmeyi azalt\u0131r ve cildi korur.  Boxer, dola\u015f\u0131m\u0131 iyile\u015ftirir ve yorgunlu\u011fu ve kas gerilimini azalt\u0131r.  Boxer, kar\u0131n b\u00f6lgesine destek sa\u011flar ve v\u00fccut pozisyonunu iyile\u015ftirir.     Bak\u0131m Talimatlar\u0131 :   So\u011fuk suyla makinede y\u0131kay\u0131n.  \u0130htiya\u00e7 duyuldu\u011funda klor i\u00e7ermeyen a\u011fart\u0131c\u0131 kullan\u0131n.  Kuma\u015f yumu\u015fat\u0131c\u0131 kullanmay\u0131n.  D\u00fc\u015f\u00fck \u0131s\u0131da kurutun.     Nakliye ve Teslimat :   T\u00fcm d\u00fcnya genelinde h\u0131zl\u0131 teslimat hizmeti.  \u00c7evrimi\u00e7i g\u00fcvenli ve \u00e7e\u015fitli \u00f6deme se\u00e7enekleri.     Kalite Garantisi :   \u00dcr\u00fcn kalitesinde y\u00fcksek standartlar ve tam m\u00fc\u015fteri memnuniyeti garantisi.  Memnuniyetsizlik durumunda de\u011fi\u015ftirme veya iade se\u00e7ene\u011fi.","robots":{"index":"index","follow":"follow","max-snippet":"max-snippet:-1","max-image-preview":"max-image-preview:large","max-video-preview":"max-video-preview:-1"},"canonical":"https:\/\/www.deluxcotton.com\/tr\/urun\/renkli-kisa-boxer\/","og_locale":"tr_TR","og_type":"article","og_title":"Renkli K\u0131sa Boxer | Delux Cotton","og_description":"\u00dcr\u00fcn Avantajlar\u0131 :   \u00c7ekici \u00e7e\u015fitli renkler ve l\u00fcks \u00f6rme tarz\u0131.  %100 y\u00fcksek kaliteli pamuktan yap\u0131lm\u0131\u015f, e\u015fsiz konfor sa\u011flar.  Uzun tasar\u0131m m\u00fckemmel kapsama ve benzersiz \u015f\u0131kl\u0131k sunar.     \u00c7ok Y\u00f6nl\u00fc Kullan\u0131m :   Boxer, g\u00fcnl\u00fck aktiviteler s\u0131ras\u0131nda s\u00fcrt\u00fcnmeyi azalt\u0131r ve cildi korur.  Boxer, dola\u015f\u0131m\u0131 iyile\u015ftirir ve yorgunlu\u011fu ve kas gerilimini azalt\u0131r.  Boxer, kar\u0131n b\u00f6lgesine destek sa\u011flar ve v\u00fccut pozisyonunu iyile\u015ftirir.     Bak\u0131m Talimatlar\u0131 :   So\u011fuk suyla makinede y\u0131kay\u0131n.  \u0130htiya\u00e7 duyuldu\u011funda klor i\u00e7ermeyen a\u011fart\u0131c\u0131 kullan\u0131n.  Kuma\u015f yumu\u015fat\u0131c\u0131 kullanmay\u0131n.  D\u00fc\u015f\u00fck \u0131s\u0131da kurutun.     Nakliye ve Teslimat :   T\u00fcm d\u00fcnya genelinde h\u0131zl\u0131 teslimat hizmeti.  \u00c7evrimi\u00e7i g\u00fcvenli ve \u00e7e\u015fitli \u00f6deme se\u00e7enekleri.     Kalite Garantisi :   \u00dcr\u00fcn kalitesinde y\u00fcksek standartlar ve tam m\u00fc\u015fteri memnuniyeti garantisi.  Memnuniyetsizlik durumunda de\u011fi\u015ftirme veya iade se\u00e7ene\u011fi.","og_url":"https:\/\/www.deluxcotton.com\/tr\/urun\/renkli-kisa-boxer\/","og_site_name":"Delux Cotton","article_publisher":"https:\/\/www.facebook.com\/Cotton.Delux\/","og_image":[{"width":788,"height":1024,"url":"https:\/\/www.deluxcotton.com\/wp-content\/uploads\/2024\/04\/5-788x1024.png","type":"image\/png"}],"twitter_card":"summary_large_image","twitter_site":"@CottonDelux","schema":{"@context":"https:\/\/schema.org","@graph":[{"@type":"WebPage","@id":"https:\/\/www.deluxcotton.com\/tr\/urun\/renkli-kisa-boxer\/","url":"https:\/\/www.deluxcotton.com\/tr\/urun\/renkli-kisa-boxer\/","name":"Renkli K\u0131sa Boxer | Delux Cotton","isPartOf":{"@id":"https:\/\/www.deluxcotton.com\/#website"},"primaryImageOfPage":{"@id":"https:\/\/www.deluxcotton.com\/tr\/urun\/renkli-kisa-boxer\/#primaryimage"},"image":{"@id":"https:\/\/www.deluxcotton.com\/tr\/urun\/renkli-kisa-boxer\/#primaryimage"},"thumbnailUrl":"https:\/\/www.deluxcotton.com\/wp-content\/uploads\/2024\/04\/5.png","datePublished":"2024-03-31T23:04:13+00:00","description":"\u00dcr\u00fcn Avantajlar\u0131 : \u00c7ekici \u00e7e\u015fitli renkler ve l\u00fcks \u00f6rme tarz\u0131. %100 y\u00fcksek kaliteli pamuktan yap\u0131lm\u0131\u015f, e\u015fsiz konfor sa\u011flar. Uzun tasar\u0131m m\u00fckemmel kapsama ve benzersiz \u015f\u0131kl\u0131k sunar. \u00c7ok Y\u00f6nl\u00fc Kullan\u0131m : Boxer, g\u00fcnl\u00fck aktiviteler s\u0131ras\u0131nda s\u00fcrt\u00fcnmeyi azalt\u0131r ve cildi korur. Boxer, dola\u015f\u0131m\u0131 iyile\u015ftirir ve yorgunlu\u011fu ve kas gerilimini azalt\u0131r. Boxer, kar\u0131n b\u00f6lgesine destek sa\u011flar ve v\u00fccut pozisyonunu iyile\u015ftirir. Bak\u0131m Talimatlar\u0131 : So\u011fuk suyla makinede y\u0131kay\u0131n. \u0130htiya\u00e7 duyuldu\u011funda klor i\u00e7ermeyen a\u011fart\u0131c\u0131 kullan\u0131n. Kuma\u015f yumu\u015fat\u0131c\u0131 kullanmay\u0131n. D\u00fc\u015f\u00fck \u0131s\u0131da kurutun. Nakliye ve Teslimat : T\u00fcm d\u00fcnya genelinde h\u0131zl\u0131 teslimat hizmeti. \u00c7evrimi\u00e7i g\u00fcvenli ve \u00e7e\u015fitli \u00f6deme se\u00e7enekleri. Kalite Garantisi : \u00dcr\u00fcn kalitesinde y\u00fcksek standartlar ve tam m\u00fc\u015fteri memnuniyeti garantisi. Memnuniyetsizlik durumunda de\u011fi\u015ftirme veya iade se\u00e7ene\u011fi.","breadcrumb":{"@id":"https:\/\/www.deluxcotton.com\/tr\/urun\/renkli-kisa-boxer\/#breadcrumb"},"inLanguage":"tr","potentialAction":[{"@type":"ReadAction","target":["https:\/\/www.deluxcotton.com\/tr\/urun\/renkli-kisa-boxer\/"]}]},{"@type":"ImageObject","inLanguage":"tr","@id":"https:\/\/www.deluxcotton.com\/tr\/urun\/renkli-kisa-boxer\/#primaryimage","url":"https:\/\/www.deluxcotton.com\/wp-content\/uploads\/2024\/04\/5.png","contentUrl":"https:\/\/www.deluxcotton.com\/wp-content\/uploads\/2024\/04\/5.png","width":4688,"height":6094},{"@type":"BreadcrumbList","@id":"https:\/\/www.deluxcotton.com\/tr\/urun\/renkli-kisa-boxer\/#breadcrumb","itemListElement":[{"@type":"ListItem","position":1,"name":"Home","item":"https:\/\/www.deluxcotton.com\/tr\/"},{"@type":"ListItem","position":2,"name":"Products","item":"https:\/\/www.deluxcotton.com\/shop\/"},{"@type":"ListItem","position":3,"name":"Renkli K\u0131sa Boxer"}]},{"@type":"WebSite","@id":"https:\/\/www.deluxcotton.com\/#website","url":"https:\/\/www.deluxcotton.com\/","name":"Delux Cotton","description":"\u062f\u064a\u0644\u0648\u0643\u0633 \u0642\u0637\u0646","publisher":{"@id":"https:\/\/www.deluxcotton.com\/#organization"},"potentialAction":[{"@type":"SearchAction","target":{"@type":"EntryPoint","urlTemplate":"https:\/\/www.deluxcotton.com\/?s={search_term_string}"},"query-input":{"@type":"PropertyValueSpecification","valueRequired":true,"valueName":"search_term_string"}}],"inLanguage":"tr"},{"@type":"Organization","@id":"https:\/\/www.deluxcotton.com\/#organization","name":"Delux Cotton","url":"https:\/\/www.deluxcotton.com\/","logo":{"@type":"ImageObject","inLanguage":"tr","@id":"https:\/\/www.deluxcotton.com\/#\/schema\/logo\/image\/","url":"https:\/\/www.deluxcotton.com\/wp-content\/uploads\/2022\/03\/Slider-2-B.png","contentUrl":"https:\/\/www.deluxcotton.com\/wp-content\/uploads\/2022\/03\/Slider-2-B.png","width":569,"height":479,"caption":"Delux Cotton"},"image":{"@id":"https:\/\/www.deluxcotton.com\/#\/schema\/logo\/image\/"},"sameAs":["https:\/\/www.facebook.com\/Cotton.Delux\/","https:\/\/x.com\/CottonDelux","https:\/\/www.instagram.com\/cotton.delux\/"]}]}},"_links":{"self":[{"href":"https:\/\/www.deluxcotton.com\/tr\/wp-json\/wp\/v2\/product\/10774","targetHints":{"allow":["GET"]}}],"collection":[{"href":"https:\/\/www.deluxcotton.com\/tr\/wp-json\/wp\/v2\/product"}],"about":[{"href":"https:\/\/www.deluxcotton.com\/tr\/wp-json\/wp\/v2\/types\/product"}],"version-history":[{"count":1,"href":"https:\/\/www.deluxcotton.com\/tr\/wp-json\/wp\/v2\/product\/10774\/revisions"}],"predecessor-version":[{"id":10775,"href":"https:\/\/www.deluxcotton.com\/tr\/wp-json\/wp\/v2\/product\/10774\/revisions\/10775"}],"wp:featuredmedia":[{"embeddable":true,"href":"https:\/\/www.deluxcotton.com\/tr\/wp-json\/wp\/v2\/media\/10735"}],"wp:attachment":[{"href":"https:\/\/www.deluxcotton.com\/tr\/wp-json\/wp\/v2\/media?parent=10774"}],"wp:term":[{"taxonomy":"product_brand","embeddable":true,"href":"https:\/\/www.deluxcotton.com\/tr\/wp-json\/wp\/v2\/product_brand?post=10774"},{"taxonomy":"product_cat","embeddable":true,"href":"https:\/\/www.deluxcotton.com\/tr\/wp-json\/wp\/v2\/product_cat?post=10774"},{"taxonomy":"product_tag","embeddable":true,"href":"https:\/\/www.deluxcotton.com\/tr\/wp-json\/wp\/v2\/product_tag?post=10774"}],"curies":[{"name":"wp","href":"https:\/\/api.w.org\/{rel}","templated":true}]}}