{"id":9877,"date":"2021-11-10T15:11:39","date_gmt":"2021-11-10T12:11:39","guid":{"rendered":"https:\/\/www.deluxcotton.com\/product\/kiz-cocuk-kaskorse\/"},"modified":"2021-11-10T15:11:39","modified_gmt":"2021-11-10T12:11:39","slug":"girl-camisole-2","status":"publish","type":"product","link":"https:\/\/www.deluxcotton.com\/tr\/urun\/girl-camisole-2\/","title":{"rendered":"K\u0131z \u00e7ocuk ka\u015fkorse"},"content":{"rendered":"","protected":false},"excerpt":{"rendered":"<ul>\n<li style=\"text-align: left;\"><span class=\"a-list-item\">Set \u00e7e\u015fitli renkler i\u00e7erir.<br \/>\n<\/span><\/li>\n<li style=\"text-align: left;\"><span class=\"a-list-item\"> Yumu\u015fak ve dokuma kuma\u015f.<\/span><\/li>\n<li style=\"text-align: left;\"><span class=\"a-list-item\"> Malzeme: %100 Pamuk.<br \/>\n<\/span><\/li>\n<li style=\"text-align: left;\"><span class=\"a-list-item\"> Bak\u0131m Talimat\u0131: Makinede so\u011fuk suda y\u0131kay\u0131n. Gerekti\u011finde sadece klorsuz a\u011fart\u0131c\u0131 kullan\u0131n. yumu\u015fat\u0131c\u0131 kullanmay\u0131n. D\u00fc\u015f\u00fck ayarda kurutun.<\/span><span class=\"a-list-item\"><br \/>\n<\/span><\/li>\n<li style=\"text-align: left;\"><span class=\"a-list-item\"> Tasar\u0131m: K\u0131z \u00e7ocuk ka\u015fkorse (\u00f6rme ve dokuma).<\/span><\/li>\n<li style=\"text-align: left;\"><span class=\"a-list-item\">Nemi emer.<\/span><\/li>\n<\/ul>\n","protected":false},"featured_media":9835,"template":"","meta":{"inline_featured_image":false},"product_brand":[],"product_cat":[214],"product_tag":[],"class_list":{"0":"post-9877","1":"product","2":"type-product","3":"status-publish","4":"has-post-thumbnail","6":"product_cat-girls-tr","8":"first","9":"instock","10":"shipping-taxable","11":"product-type-simple"},"yoast_head":"<!-- This site is optimized with the Yoast SEO plugin v27.4 - https:\/\/yoast.com\/product\/yoast-seo-wordpress\/ -->\n<title>K\u0131z \u00e7ocuk ka\u015fkorse | Delux Cotton<\/title>\n<meta name=\"description\" content=\"Set \u00e7e\u015fitli renkler i\u00e7erir.   Yumu\u015fak ve dokuma kuma\u015f.  Malzeme: %100 Pamuk.   Bak\u0131m Talimat\u0131: Makinede so\u011fuk suda y\u0131kay\u0131n. Gerekti\u011finde sadece klorsuz a\u011fart\u0131c\u0131 kullan\u0131n. yumu\u015fat\u0131c\u0131 kullanmay\u0131n. D\u00fc\u015f\u00fck ayarda kurutun.   Tasar\u0131m: K\u0131z \u00e7ocuk ka\u015fkorse (\u00f6rme ve dokuma).  Nemi emer.\" \/>\n<meta name=\"robots\" content=\"index, follow, max-snippet:-1, max-image-preview:large, max-video-preview:-1\" \/>\n<link rel=\"canonical\" href=\"https:\/\/www.deluxcotton.com\/tr\/urun\/girl-camisole-2\/\" \/>\n<meta property=\"og:locale\" content=\"tr_TR\" \/>\n<meta property=\"og:type\" content=\"article\" \/>\n<meta property=\"og:title\" content=\"K\u0131z \u00e7ocuk ka\u015fkorse | Delux Cotton\" \/>\n<meta property=\"og:description\" content=\"Set \u00e7e\u015fitli renkler i\u00e7erir.   Yumu\u015fak ve dokuma kuma\u015f.  Malzeme: %100 Pamuk.   Bak\u0131m Talimat\u0131: Makinede so\u011fuk suda y\u0131kay\u0131n. Gerekti\u011finde sadece klorsuz a\u011fart\u0131c\u0131 kullan\u0131n. yumu\u015fat\u0131c\u0131 kullanmay\u0131n. D\u00fc\u015f\u00fck ayarda kurutun.   Tasar\u0131m: K\u0131z \u00e7ocuk ka\u015fkorse (\u00f6rme ve dokuma).  Nemi emer.\" \/>\n<meta property=\"og:url\" content=\"https:\/\/www.deluxcotton.com\/tr\/urun\/girl-camisole-2\/\" \/>\n<meta property=\"og:site_name\" content=\"Delux Cotton\" \/>\n<meta property=\"article:publisher\" content=\"https:\/\/www.facebook.com\/Cotton.Delux\/\" \/>\n<meta property=\"og:image\" content=\"https:\/\/www.deluxcotton.com\/wp-content\/uploads\/2021\/11\/7.jpg\" \/>\n\t<meta property=\"og:image:width\" content=\"1080\" \/>\n\t<meta property=\"og:image:height\" content=\"1080\" \/>\n\t<meta property=\"og:image:type\" content=\"image\/jpeg\" \/>\n<meta name=\"twitter:card\" content=\"summary_large_image\" \/>\n<meta name=\"twitter:site\" content=\"@CottonDelux\" \/>\n<script type=\"application\/ld+json\" class=\"yoast-schema-graph\">{\"@context\":\"https:\\\/\\\/schema.org\",\"@graph\":[{\"@type\":\"WebPage\",\"@id\":\"https:\\\/\\\/www.deluxcotton.com\\\/tr\\\/urun\\\/girl-camisole-2\\\/\",\"url\":\"https:\\\/\\\/www.deluxcotton.com\\\/tr\\\/urun\\\/girl-camisole-2\\\/\",\"name\":\"K\u0131z \u00e7ocuk ka\u015fkorse | Delux Cotton\",\"isPartOf\":{\"@id\":\"https:\\\/\\\/www.deluxcotton.com\\\/#website\"},\"primaryImageOfPage\":{\"@id\":\"https:\\\/\\\/www.deluxcotton.com\\\/tr\\\/urun\\\/girl-camisole-2\\\/#primaryimage\"},\"image\":{\"@id\":\"https:\\\/\\\/www.deluxcotton.com\\\/tr\\\/urun\\\/girl-camisole-2\\\/#primaryimage\"},\"thumbnailUrl\":\"https:\\\/\\\/www.deluxcotton.com\\\/wp-content\\\/uploads\\\/2021\\\/11\\\/7.jpg\",\"datePublished\":\"2021-11-10T12:11:39+00:00\",\"description\":\"Set \u00e7e\u015fitli renkler i\u00e7erir. Yumu\u015fak ve dokuma kuma\u015f. Malzeme: %100 Pamuk. Bak\u0131m Talimat\u0131: Makinede so\u011fuk suda y\u0131kay\u0131n. Gerekti\u011finde sadece klorsuz a\u011fart\u0131c\u0131 kullan\u0131n. yumu\u015fat\u0131c\u0131 kullanmay\u0131n. D\u00fc\u015f\u00fck ayarda kurutun. Tasar\u0131m: K\u0131z \u00e7ocuk ka\u015fkorse (\u00f6rme ve dokuma). Nemi emer.\",\"breadcrumb\":{\"@id\":\"https:\\\/\\\/www.deluxcotton.com\\\/tr\\\/urun\\\/girl-camisole-2\\\/#breadcrumb\"},\"inLanguage\":\"tr\",\"potentialAction\":[{\"@type\":\"ReadAction\",\"target\":[\"https:\\\/\\\/www.deluxcotton.com\\\/tr\\\/urun\\\/girl-camisole-2\\\/\"]}]},{\"@type\":\"ImageObject\",\"inLanguage\":\"tr\",\"@id\":\"https:\\\/\\\/www.deluxcotton.com\\\/tr\\\/urun\\\/girl-camisole-2\\\/#primaryimage\",\"url\":\"https:\\\/\\\/www.deluxcotton.com\\\/wp-content\\\/uploads\\\/2021\\\/11\\\/7.jpg\",\"contentUrl\":\"https:\\\/\\\/www.deluxcotton.com\\\/wp-content\\\/uploads\\\/2021\\\/11\\\/7.jpg\",\"width\":1080,\"height\":1080,\"caption\":\"K\u0131z \u00e7ocuk ka\u015fkorse\"},{\"@type\":\"BreadcrumbList\",\"@id\":\"https:\\\/\\\/www.deluxcotton.com\\\/tr\\\/urun\\\/girl-camisole-2\\\/#breadcrumb\",\"itemListElement\":[{\"@type\":\"ListItem\",\"position\":1,\"name\":\"Home\",\"item\":\"https:\\\/\\\/www.deluxcotton.com\\\/tr\\\/\"},{\"@type\":\"ListItem\",\"position\":2,\"name\":\"Products\",\"item\":\"https:\\\/\\\/www.deluxcotton.com\\\/shop\\\/\"},{\"@type\":\"ListItem\",\"position\":3,\"name\":\"K\u0131z \u00e7ocuk ka\u015fkorse\"}]},{\"@type\":\"WebSite\",\"@id\":\"https:\\\/\\\/www.deluxcotton.com\\\/#website\",\"url\":\"https:\\\/\\\/www.deluxcotton.com\\\/\",\"name\":\"Delux Cotton\",\"description\":\"\u062f\u064a\u0644\u0648\u0643\u0633 \u0642\u0637\u0646\",\"publisher\":{\"@id\":\"https:\\\/\\\/www.deluxcotton.com\\\/#organization\"},\"potentialAction\":[{\"@type\":\"SearchAction\",\"target\":{\"@type\":\"EntryPoint\",\"urlTemplate\":\"https:\\\/\\\/www.deluxcotton.com\\\/?s={search_term_string}\"},\"query-input\":{\"@type\":\"PropertyValueSpecification\",\"valueRequired\":true,\"valueName\":\"search_term_string\"}}],\"inLanguage\":\"tr\"},{\"@type\":\"Organization\",\"@id\":\"https:\\\/\\\/www.deluxcotton.com\\\/#organization\",\"name\":\"Delux Cotton\",\"url\":\"https:\\\/\\\/www.deluxcotton.com\\\/\",\"logo\":{\"@type\":\"ImageObject\",\"inLanguage\":\"tr\",\"@id\":\"https:\\\/\\\/www.deluxcotton.com\\\/#\\\/schema\\\/logo\\\/image\\\/\",\"url\":\"https:\\\/\\\/www.deluxcotton.com\\\/wp-content\\\/uploads\\\/2022\\\/03\\\/Slider-2-B.png\",\"contentUrl\":\"https:\\\/\\\/www.deluxcotton.com\\\/wp-content\\\/uploads\\\/2022\\\/03\\\/Slider-2-B.png\",\"width\":569,\"height\":479,\"caption\":\"Delux Cotton\"},\"image\":{\"@id\":\"https:\\\/\\\/www.deluxcotton.com\\\/#\\\/schema\\\/logo\\\/image\\\/\"},\"sameAs\":[\"https:\\\/\\\/www.facebook.com\\\/Cotton.Delux\\\/\",\"https:\\\/\\\/x.com\\\/CottonDelux\",\"https:\\\/\\\/www.instagram.com\\\/cotton.delux\\\/\"]}]}<\/script>\n<!-- \/ Yoast SEO plugin. -->","yoast_head_json":{"title":"K\u0131z \u00e7ocuk ka\u015fkorse | Delux Cotton","description":"Set \u00e7e\u015fitli renkler i\u00e7erir.   Yumu\u015fak ve dokuma kuma\u015f.  Malzeme: %100 Pamuk.   Bak\u0131m Talimat\u0131: Makinede so\u011fuk suda y\u0131kay\u0131n. Gerekti\u011finde sadece klorsuz a\u011fart\u0131c\u0131 kullan\u0131n. yumu\u015fat\u0131c\u0131 kullanmay\u0131n. D\u00fc\u015f\u00fck ayarda kurutun.   Tasar\u0131m: K\u0131z \u00e7ocuk ka\u015fkorse (\u00f6rme ve dokuma).  Nemi emer.","robots":{"index":"index","follow":"follow","max-snippet":"max-snippet:-1","max-image-preview":"max-image-preview:large","max-video-preview":"max-video-preview:-1"},"canonical":"https:\/\/www.deluxcotton.com\/tr\/urun\/girl-camisole-2\/","og_locale":"tr_TR","og_type":"article","og_title":"K\u0131z \u00e7ocuk ka\u015fkorse | Delux Cotton","og_description":"Set \u00e7e\u015fitli renkler i\u00e7erir.   Yumu\u015fak ve dokuma kuma\u015f.  Malzeme: %100 Pamuk.   Bak\u0131m Talimat\u0131: Makinede so\u011fuk suda y\u0131kay\u0131n. Gerekti\u011finde sadece klorsuz a\u011fart\u0131c\u0131 kullan\u0131n. yumu\u015fat\u0131c\u0131 kullanmay\u0131n. D\u00fc\u015f\u00fck ayarda kurutun.   Tasar\u0131m: K\u0131z \u00e7ocuk ka\u015fkorse (\u00f6rme ve dokuma).  Nemi emer.","og_url":"https:\/\/www.deluxcotton.com\/tr\/urun\/girl-camisole-2\/","og_site_name":"Delux Cotton","article_publisher":"https:\/\/www.facebook.com\/Cotton.Delux\/","og_image":[{"width":1080,"height":1080,"url":"https:\/\/www.deluxcotton.com\/wp-content\/uploads\/2021\/11\/7.jpg","type":"image\/jpeg"}],"twitter_card":"summary_large_image","twitter_site":"@CottonDelux","schema":{"@context":"https:\/\/schema.org","@graph":[{"@type":"WebPage","@id":"https:\/\/www.deluxcotton.com\/tr\/urun\/girl-camisole-2\/","url":"https:\/\/www.deluxcotton.com\/tr\/urun\/girl-camisole-2\/","name":"K\u0131z \u00e7ocuk ka\u015fkorse | Delux Cotton","isPartOf":{"@id":"https:\/\/www.deluxcotton.com\/#website"},"primaryImageOfPage":{"@id":"https:\/\/www.deluxcotton.com\/tr\/urun\/girl-camisole-2\/#primaryimage"},"image":{"@id":"https:\/\/www.deluxcotton.com\/tr\/urun\/girl-camisole-2\/#primaryimage"},"thumbnailUrl":"https:\/\/www.deluxcotton.com\/wp-content\/uploads\/2021\/11\/7.jpg","datePublished":"2021-11-10T12:11:39+00:00","description":"Set \u00e7e\u015fitli renkler i\u00e7erir. Yumu\u015fak ve dokuma kuma\u015f. Malzeme: %100 Pamuk. Bak\u0131m Talimat\u0131: Makinede so\u011fuk suda y\u0131kay\u0131n. Gerekti\u011finde sadece klorsuz a\u011fart\u0131c\u0131 kullan\u0131n. yumu\u015fat\u0131c\u0131 kullanmay\u0131n. D\u00fc\u015f\u00fck ayarda kurutun. Tasar\u0131m: K\u0131z \u00e7ocuk ka\u015fkorse (\u00f6rme ve dokuma). Nemi emer.","breadcrumb":{"@id":"https:\/\/www.deluxcotton.com\/tr\/urun\/girl-camisole-2\/#breadcrumb"},"inLanguage":"tr","potentialAction":[{"@type":"ReadAction","target":["https:\/\/www.deluxcotton.com\/tr\/urun\/girl-camisole-2\/"]}]},{"@type":"ImageObject","inLanguage":"tr","@id":"https:\/\/www.deluxcotton.com\/tr\/urun\/girl-camisole-2\/#primaryimage","url":"https:\/\/www.deluxcotton.com\/wp-content\/uploads\/2021\/11\/7.jpg","contentUrl":"https:\/\/www.deluxcotton.com\/wp-content\/uploads\/2021\/11\/7.jpg","width":1080,"height":1080,"caption":"K\u0131z \u00e7ocuk ka\u015fkorse"},{"@type":"BreadcrumbList","@id":"https:\/\/www.deluxcotton.com\/tr\/urun\/girl-camisole-2\/#breadcrumb","itemListElement":[{"@type":"ListItem","position":1,"name":"Home","item":"https:\/\/www.deluxcotton.com\/tr\/"},{"@type":"ListItem","position":2,"name":"Products","item":"https:\/\/www.deluxcotton.com\/shop\/"},{"@type":"ListItem","position":3,"name":"K\u0131z \u00e7ocuk ka\u015fkorse"}]},{"@type":"WebSite","@id":"https:\/\/www.deluxcotton.com\/#website","url":"https:\/\/www.deluxcotton.com\/","name":"Delux Cotton","description":"\u062f\u064a\u0644\u0648\u0643\u0633 \u0642\u0637\u0646","publisher":{"@id":"https:\/\/www.deluxcotton.com\/#organization"},"potentialAction":[{"@type":"SearchAction","target":{"@type":"EntryPoint","urlTemplate":"https:\/\/www.deluxcotton.com\/?s={search_term_string}"},"query-input":{"@type":"PropertyValueSpecification","valueRequired":true,"valueName":"search_term_string"}}],"inLanguage":"tr"},{"@type":"Organization","@id":"https:\/\/www.deluxcotton.com\/#organization","name":"Delux Cotton","url":"https:\/\/www.deluxcotton.com\/","logo":{"@type":"ImageObject","inLanguage":"tr","@id":"https:\/\/www.deluxcotton.com\/#\/schema\/logo\/image\/","url":"https:\/\/www.deluxcotton.com\/wp-content\/uploads\/2022\/03\/Slider-2-B.png","contentUrl":"https:\/\/www.deluxcotton.com\/wp-content\/uploads\/2022\/03\/Slider-2-B.png","width":569,"height":479,"caption":"Delux Cotton"},"image":{"@id":"https:\/\/www.deluxcotton.com\/#\/schema\/logo\/image\/"},"sameAs":["https:\/\/www.facebook.com\/Cotton.Delux\/","https:\/\/x.com\/CottonDelux","https:\/\/www.instagram.com\/cotton.delux\/"]}]}},"_links":{"self":[{"href":"https:\/\/www.deluxcotton.com\/tr\/wp-json\/wp\/v2\/product\/9877","targetHints":{"allow":["GET"]}}],"collection":[{"href":"https:\/\/www.deluxcotton.com\/tr\/wp-json\/wp\/v2\/product"}],"about":[{"href":"https:\/\/www.deluxcotton.com\/tr\/wp-json\/wp\/v2\/types\/product"}],"version-history":[{"count":0,"href":"https:\/\/www.deluxcotton.com\/tr\/wp-json\/wp\/v2\/product\/9877\/revisions"}],"wp:featuredmedia":[{"embeddable":true,"href":"https:\/\/www.deluxcotton.com\/tr\/wp-json\/wp\/v2\/media\/9835"}],"wp:attachment":[{"href":"https:\/\/www.deluxcotton.com\/tr\/wp-json\/wp\/v2\/media?parent=9877"}],"wp:term":[{"taxonomy":"product_brand","embeddable":true,"href":"https:\/\/www.deluxcotton.com\/tr\/wp-json\/wp\/v2\/product_brand?post=9877"},{"taxonomy":"product_cat","embeddable":true,"href":"https:\/\/www.deluxcotton.com\/tr\/wp-json\/wp\/v2\/product_cat?post=9877"},{"taxonomy":"product_tag","embeddable":true,"href":"https:\/\/www.deluxcotton.com\/tr\/wp-json\/wp\/v2\/product_tag?post=9877"}],"curies":[{"name":"wp","href":"https:\/\/api.w.org\/{rel}","templated":true}]}}